{"id":30,"date":"2024-02-05T22:07:46","date_gmt":"2024-02-06T01:07:46","guid":{"rendered":"https:\/\/senercom.cl\/?page_id=30"},"modified":"2025-12-15T16:35:28","modified_gmt":"2025-12-15T19:35:28","slug":"inicio","status":"publish","type":"page","link":"https:\/\/senercom.cl\/en\/","title":{"rendered":"inicio"},"content":{"rendered":"\t\t<div data-elementor-type=\"wp-page\" data-elementor-id=\"30\" class=\"elementor elementor-30\" data-elementor-post-type=\"page\">\n\t\t\t\t<div class=\"elementor-element elementor-element-2b144f61 e-con-full e-flex e-con e-parent\" data-id=\"2b144f61\" data-element_type=\"container\" data-e-type=\"container\" data-settings=\"{&quot;background_background&quot;:&quot;slideshow&quot;,&quot;background_slideshow_gallery&quot;:[{&quot;id&quot;:902,&quot;url&quot;:&quot;https:\\\/\\\/senercom.cl\\\/wp-content\\\/uploads\\\/2024\\\/12\\\/WhatsApp-Image-2024-12-24-at-17.22.41-scaled.jpeg&quot;},{&quot;id&quot;:1342,&quot;url&quot;:&quot;https:\\\/\\\/senercom.cl\\\/wp-content\\\/uploads\\\/2025\\\/08\\\/COMISARIA-4-scaled.jpg&quot;},{&quot;id&quot;:515,&quot;url&quot;:&quot;https:\\\/\\\/senercom.cl\\\/wp-content\\\/uploads\\\/2024\\\/03\\\/sector8-scaled.jpg&quot;},{&quot;id&quot;:1343,&quot;url&quot;:&quot;https:\\\/\\\/senercom.cl\\\/wp-content\\\/uploads\\\/2025\\\/08\\\/ENEX1-scaled.jpg&quot;},{&quot;id&quot;:968,&quot;url&quot;:&quot;https:\\\/\\\/senercom.cl\\\/wp-content\\\/uploads\\\/2025\\\/02\\\/CCTV-PLAZA.jpg&quot;},{&quot;id&quot;:1344,&quot;url&quot;:&quot;https:\\\/\\\/senercom.cl\\\/wp-content\\\/uploads\\\/2025\\\/08\\\/SSEI-3.jpg&quot;},{&quot;id&quot;:621,&quot;url&quot;:&quot;https:\\\/\\\/senercom.cl\\\/wp-content\\\/uploads\\\/2024\\\/03\\\/WhatsApp-Image-2024-03-14-at-16.57.29-scaled.jpeg&quot;},{&quot;id&quot;:311,&quot;url&quot;:&quot;https:\\\/\\\/senercom.cl\\\/wp-content\\\/uploads\\\/2024\\\/02\\\/sector1-scaled.jpg&quot;},{&quot;id&quot;:778,&quot;url&quot;:&quot;https:\\\/\\\/senercom.cl\\\/wp-content\\\/uploads\\\/2024\\\/07\\\/electronica-scaled.jpg&quot;},{&quot;id&quot;:313,&quot;url&quot;:&quot;https:\\\/\\\/senercom.cl\\\/wp-content\\\/uploads\\\/2024\\\/02\\\/sector3-scaled.jpg&quot;},{&quot;id&quot;:964,&quot;url&quot;:&quot;https:\\\/\\\/senercom.cl\\\/wp-content\\\/uploads\\\/2025\\\/02\\\/Diseno-sin-titulo-4-1.jpg&quot;},{&quot;id&quot;:315,&quot;url&quot;:&quot;https:\\\/\\\/senercom.cl\\\/wp-content\\\/uploads\\\/2024\\\/02\\\/sector5-scaled.jpg&quot;},{&quot;id&quot;:314,&quot;url&quot;:&quot;https:\\\/\\\/senercom.cl\\\/wp-content\\\/uploads\\\/2024\\\/02\\\/sector4-scaled.jpg&quot;},{&quot;id&quot;:967,&quot;url&quot;:&quot;https:\\\/\\\/senercom.cl\\\/wp-content\\\/uploads\\\/2025\\\/02\\\/FV-1.jpg&quot;},{&quot;id&quot;:316,&quot;url&quot;:&quot;https:\\\/\\\/senercom.cl\\\/wp-content\\\/uploads\\\/2024\\\/02\\\/sector6-scaled.jpg&quot;},{&quot;id&quot;:317,&quot;url&quot;:&quot;https:\\\/\\\/senercom.cl\\\/wp-content\\\/uploads\\\/2024\\\/02\\\/sector7-scaled.jpg&quot;},{&quot;id&quot;:516,&quot;url&quot;:&quot;https:\\\/\\\/senercom.cl\\\/wp-content\\\/uploads\\\/2024\\\/03\\\/WhatsApp-Image-2024-03-02-at-17.44.19-1.jpeg&quot;},{&quot;id&quot;:965,&quot;url&quot;:&quot;https:\\\/\\\/senercom.cl\\\/wp-content\\\/uploads\\\/2025\\\/02\\\/EDIFICIO-CCTV-1.jpg&quot;},{&quot;id&quot;:319,&quot;url&quot;:&quot;https:\\\/\\\/senercom.cl\\\/wp-content\\\/uploads\\\/2024\\\/02\\\/sector9-scaled.jpg&quot;}],&quot;background_slideshow_ken_burns&quot;:&quot;yes&quot;,&quot;background_slideshow_loop&quot;:&quot;yes&quot;,&quot;background_slideshow_slide_duration&quot;:5000,&quot;background_slideshow_slide_transition&quot;:&quot;fade&quot;,&quot;background_slideshow_transition_duration&quot;:500,&quot;background_slideshow_ken_burns_zoom_direction&quot;:&quot;in&quot;}\">\n\t\t\t\t<div class=\"elementor-element elementor-element-12d3ace elementor-hidden-desktop elementor-hidden-tablet elementor-hidden-mobile elementor-widget elementor-widget-heading\" data-id=\"12d3ace\" data-element_type=\"widget\" data-e-type=\"widget\" data-widget_type=\"heading.default\">\n\t\t\t\t<div class=\"elementor-widget-container\">\n\t\t\t\t\t<h1 class=\"elementor-heading-title elementor-size-default\">INGENIER\u00cdA EL\u00c9CTRICA DE VANGUARDIA DESDE PUNTA ARENAS, CHILE<\/h1>\t\t\t\t<\/div>\n\t\t\t\t<\/div>\n\t\t\t\t<\/div>\n\t\t<div class=\"elementor-element elementor-element-e9b61a4 e-flex e-con-boxed e-con e-parent\" data-id=\"e9b61a4\" data-element_type=\"container\" data-e-type=\"container\">\n\t\t\t\t\t<div class=\"e-con-inner\">\n\t\t\t\t<div class=\"elementor-element elementor-element-7318d498 elementor-align-center elementor-widget elementor-widget-button\" data-id=\"7318d498\" data-element_type=\"widget\" data-e-type=\"widget\" data-widget_type=\"button.default\">\n\t\t\t\t<div class=\"elementor-widget-container\">\n\t\t\t\t\t\t\t\t\t<div class=\"elementor-button-wrapper\">\n\t\t\t\t\t<a class=\"elementor-button elementor-button-link elementor-size-lg elementor-animation-grow\" href=\"https:\/\/senercom.cl\/proyectos\/\">\n\t\t\t\t\t\t<span class=\"elementor-button-content-wrapper\">\n\t\t\t\t\t\t\t\t\t<span class=\"elementor-button-text\">Bienvenidos<\/span>\n\t\t\t\t\t<\/span>\n\t\t\t\t\t<\/a>\n\t\t\t\t<\/div>\n\t\t\t\t\t\t\t\t<\/div>\n\t\t\t\t<\/div>\n\t\t\t\t\t<\/div>\n\t\t\t\t<\/div>\n\t\t<div class=\"elementor-element elementor-element-1e2d71c7 e-flex e-con-boxed e-con e-parent\" data-id=\"1e2d71c7\" data-element_type=\"container\" data-e-type=\"container\">\n\t\t\t\t\t<div class=\"e-con-inner\">\n\t\t<div class=\"elementor-element elementor-element-47ef70a2 e-con-full e-flex e-con e-child\" data-id=\"47ef70a2\" data-element_type=\"container\" data-e-type=\"container\">\n\t\t\t\t<div class=\"elementor-element elementor-element-1c385b9 elementor-widget elementor-widget-heading\" data-id=\"1c385b9\" data-element_type=\"widget\" data-e-type=\"widget\" data-widget_type=\"heading.default\">\n\t\t\t\t<div class=\"elementor-widget-container\">\n\t\t\t\t\t<h2 class=\"elementor-heading-title elementor-size-default\">INGENIER\u00cdA EL\u00c9CTRICA A TU ALCANCE<\/h2>\t\t\t\t<\/div>\n\t\t\t\t<\/div>\n\t\t\t\t<div class=\"elementor-element elementor-element-55198cf elementor-widget elementor-widget-text-editor\" data-id=\"55198cf\" data-element_type=\"widget\" data-e-type=\"widget\" data-widget_type=\"text-editor.default\">\n\t\t\t\t<div class=\"elementor-widget-container\">\n\t\t\t\t\t\t\t\t\t<p>Nuestra empresa destaca por buscar lograr los objetivos y plazos trazados por los mandantes, mediante el uso de soluciones t\u00e9cnicas innovadoras, priorizando la eficiencia, el cuidado del medio ambiente y el uso de energ\u00edas renovables.<\/p>\t\t\t\t\t\t\t\t<\/div>\n\t\t\t\t<\/div>\n\t\t\t\t<\/div>\n\t\t<div class=\"elementor-element elementor-element-3e727d7f e-con-full e-flex e-con e-child\" data-id=\"3e727d7f\" data-element_type=\"container\" data-e-type=\"container\" data-settings=\"{&quot;background_background&quot;:&quot;classic&quot;}\">\n\t\t\t\t<\/div>\n\t\t\t\t\t<\/div>\n\t\t\t\t<\/div>\n\t\t<div class=\"elementor-element elementor-element-a491e37 e-flex e-con-boxed e-con e-parent\" data-id=\"a491e37\" data-element_type=\"container\" data-e-type=\"container\" data-settings=\"{&quot;shape_divider_top&quot;:&quot;mountains&quot;,&quot;shape_divider_bottom&quot;:&quot;mountains&quot;}\">\n\t\t\t\t\t<div class=\"e-con-inner\">\n\t\t\t\t<div class=\"elementor-shape elementor-shape-top\" aria-hidden=\"true\" data-negative=\"false\">\n\t\t\t<svg xmlns=\"http:\/\/www.w3.org\/2000\/svg\" viewBox=\"0 0 1000 100\" preserveAspectRatio=\"none\">\n\t<path class=\"elementor-shape-fill\" opacity=\"0.33\" d=\"M473,67.3c-203.9,88.3-263.1-34-320.3,0C66,119.1,0,59.7,0,59.7V0h1000v59.7 c0,0-62.1,26.1-94.9,29.3c-32.8,3.3-62.8-12.3-75.8-22.1C806,49.6,745.3,8.7,694.9,4.7S492.4,59,473,67.3z\"\/>\n\t<path class=\"elementor-shape-fill\" opacity=\"0.66\" d=\"M734,67.3c-45.5,0-77.2-23.2-129.1-39.1c-28.6-8.7-150.3-10.1-254,39.1 s-91.7-34.4-149.2,0C115.7,118.3,0,39.8,0,39.8V0h1000v36.5c0,0-28.2-18.5-92.1-18.5C810.2,18.1,775.7,67.3,734,67.3z\"\/>\n\t<path class=\"elementor-shape-fill\" d=\"M766.1,28.9c-200-57.5-266,65.5-395.1,19.5C242,1.8,242,5.4,184.8,20.6C128,35.8,132.3,44.9,89.9,52.5C28.6,63.7,0,0,0,0 h1000c0,0-9.9,40.9-83.6,48.1S829.6,47,766.1,28.9z\"\/>\n<\/svg>\t\t<\/div>\n\t\t\t\t<div class=\"elementor-shape elementor-shape-bottom\" aria-hidden=\"true\" data-negative=\"false\">\n\t\t\t<svg xmlns=\"http:\/\/www.w3.org\/2000\/svg\" viewBox=\"0 0 1000 100\" preserveAspectRatio=\"none\">\n\t<path class=\"elementor-shape-fill\" opacity=\"0.33\" d=\"M473,67.3c-203.9,88.3-263.1-34-320.3,0C66,119.1,0,59.7,0,59.7V0h1000v59.7 c0,0-62.1,26.1-94.9,29.3c-32.8,3.3-62.8-12.3-75.8-22.1C806,49.6,745.3,8.7,694.9,4.7S492.4,59,473,67.3z\"\/>\n\t<path class=\"elementor-shape-fill\" opacity=\"0.66\" d=\"M734,67.3c-45.5,0-77.2-23.2-129.1-39.1c-28.6-8.7-150.3-10.1-254,39.1 s-91.7-34.4-149.2,0C115.7,118.3,0,39.8,0,39.8V0h1000v36.5c0,0-28.2-18.5-92.1-18.5C810.2,18.1,775.7,67.3,734,67.3z\"\/>\n\t<path class=\"elementor-shape-fill\" d=\"M766.1,28.9c-200-57.5-266,65.5-395.1,19.5C242,1.8,242,5.4,184.8,20.6C128,35.8,132.3,44.9,89.9,52.5C28.6,63.7,0,0,0,0 h1000c0,0-9.9,40.9-83.6,48.1S829.6,47,766.1,28.9z\"\/>\n<\/svg>\t\t<\/div>\n\t\t<div class=\"elementor-element elementor-element-c5d0785 e-con-full e-flex e-con e-child\" data-id=\"c5d0785\" data-element_type=\"container\" data-e-type=\"container\">\n\t\t<div class=\"elementor-element elementor-element-ee3fa8c e-con-full e-flex e-con e-child\" data-id=\"ee3fa8c\" data-element_type=\"container\" data-e-type=\"container\">\n\t\t<div class=\"elementor-element elementor-element-b2e85d3 e-con-full e-flex e-con e-child\" data-id=\"b2e85d3\" data-element_type=\"container\" data-e-type=\"container\">\n\t\t\t\t<div class=\"elementor-element elementor-element-c3365b3 elementor-cta--layout-image-above elementor-widget__width-inherit elementor-widget-tablet__width-inherit elementor-cta--skin-classic elementor-animated-content elementor-bg-transform elementor-bg-transform-zoom-in elementor-widget elementor-widget-call-to-action\" data-id=\"c3365b3\" data-element_type=\"widget\" data-e-type=\"widget\" data-widget_type=\"call-to-action.default\">\n\t\t\t\t<div class=\"elementor-widget-container\">\n\t\t\t\t\t\t\t<div class=\"elementor-cta\">\n\t\t\t\t\t<div class=\"elementor-cta__bg-wrapper\">\n\t\t\t\t<div class=\"elementor-cta__bg elementor-bg\" style=\"background-image: url(https:\/\/senercom.cl\/wp-content\/uploads\/2025\/05\/sector1-1024x1022.png);\" role=\"img\" aria-label=\"sector1\"><\/div>\n\t\t\t\t<div class=\"elementor-cta__bg-overlay\"><\/div>\n\t\t\t<\/div>\n\t\t\t\t\t\t\t<div class=\"elementor-cta__content\">\n\t\t\t\t\n\t\t\t\t\t\t\t\t\t<h2 class=\"elementor-cta__title elementor-cta__content-item elementor-content-item\">\n\t\t\t\t\t\tSello PRO - Camara Chilena de la Construcci\u00f3n\t\t\t\t\t<\/h2>\n\t\t\t\t\n\t\t\t\t\t\t\t\t\t<div class=\"elementor-cta__description elementor-cta__content-item elementor-content-item\">\n\t\t\t\t\t\tReconocimiento entregado por la CChC a empresas que cumplen con altos est\u00e1ndares de calidad, seguridad y buenas pr\u00e1cticas laborales en obras de construcci\u00f3n e ingenier\u00eda.\t\t\t\t\t<\/div>\n\t\t\t\t\n\t\t\t\t\t\t\t<\/div>\n\t\t\t\t\t\t<\/div>\n\t\t\t\t\t\t<\/div>\n\t\t\t\t<\/div>\n\t\t\t\t<\/div>\n\t\t\t\t<\/div>\n\t\t<div class=\"elementor-element elementor-element-9df359d e-con-full e-flex e-con e-child\" data-id=\"9df359d\" data-element_type=\"container\" data-e-type=\"container\">\n\t\t<div class=\"elementor-element elementor-element-99bac98 e-con-full e-flex e-con e-child\" data-id=\"99bac98\" data-element_type=\"container\" data-e-type=\"container\">\n\t\t\t\t<div class=\"elementor-element elementor-element-a590dd4 elementor-cta--layout-image-above elementor-widget__width-inherit elementor-cta--skin-classic elementor-animated-content elementor-bg-transform elementor-bg-transform-zoom-in elementor-widget elementor-widget-call-to-action\" data-id=\"a590dd4\" data-element_type=\"widget\" data-e-type=\"widget\" data-widget_type=\"call-to-action.default\">\n\t\t\t\t<div class=\"elementor-widget-container\">\n\t\t\t\t\t\t\t<div class=\"elementor-cta\">\n\t\t\t\t\t<div class=\"elementor-cta__bg-wrapper\">\n\t\t\t\t<div class=\"elementor-cta__bg elementor-bg\" style=\"background-image: url(https:\/\/senercom.cl\/wp-content\/uploads\/2025\/07\/ISO-CODIGO-1024x1021.png);\" role=\"img\" aria-label=\"ISO CODIGO\"><\/div>\n\t\t\t\t<div class=\"elementor-cta__bg-overlay\"><\/div>\n\t\t\t<\/div>\n\t\t\t\t\t\t\t<div class=\"elementor-cta__content\">\n\t\t\t\t\n\t\t\t\t\t\t\t\t\t<h2 class=\"elementor-cta__title elementor-cta__content-item elementor-content-item\">\n\t\t\t\t\t\t T\u00dcV Rheinland \u2013 Certificaci\u00f3n ISO 9001\t\t\t\t\t<\/h2>\n\t\t\t\t\n\t\t\t\t\t\t\t\t\t<div class=\"elementor-cta__description elementor-cta__content-item elementor-content-item\">\n\t\t\t\t\t\tCertificaci\u00f3n internacional que garantiza que la empresa aplica un sistema de gesti\u00f3n de calidad enfocado en la mejora continua, eficiencia de procesos y satisfacci\u00f3n del cliente.\t\t\t\t\t<\/div>\n\t\t\t\t\n\t\t\t\t\t\t\t<\/div>\n\t\t\t\t\t\t<\/div>\n\t\t\t\t\t\t<\/div>\n\t\t\t\t<\/div>\n\t\t\t\t<\/div>\n\t\t\t\t<\/div>\n\t\t\t\t<\/div>\n\t\t\t\t\t<\/div>\n\t\t\t\t<\/div>\n\t\t\t\t<\/div>\n\t\t","protected":false},"excerpt":{"rendered":"<p>INGENIER\u00cdA EL\u00c9CTRICA DE VANGUARDIA DESDE PUNTA ARENAS, CHILE Bienvenidos INGENIER\u00cdA EL\u00c9CTRICA A TU ALCANCE Nuestra empresa destaca por buscar lograr los objetivos y plazos trazados por los mandantes, mediante el uso de soluciones t\u00e9cnicas innovadoras, priorizando la eficiencia, el cuidado del medio ambiente y el uso de energ\u00edas renovables. Sello PRO &#8211; Camara Chilena de [&hellip;]<\/p>\n","protected":false},"author":1,"featured_media":0,"parent":0,"menu_order":0,"comment_status":"closed","ping_status":"closed","template":"","meta":{"footnotes":""},"class_list":["post-30","page","type-page","status-publish","hentry"],"_links":{"self":[{"href":"https:\/\/senercom.cl\/en\/wp-json\/wp\/v2\/pages\/30","targetHints":{"allow":["GET"]}}],"collection":[{"href":"https:\/\/senercom.cl\/en\/wp-json\/wp\/v2\/pages"}],"about":[{"href":"https:\/\/senercom.cl\/en\/wp-json\/wp\/v2\/types\/page"}],"author":[{"embeddable":true,"href":"https:\/\/senercom.cl\/en\/wp-json\/wp\/v2\/users\/1"}],"replies":[{"embeddable":true,"href":"https:\/\/senercom.cl\/en\/wp-json\/wp\/v2\/comments?post=30"}],"version-history":[{"count":0,"href":"https:\/\/senercom.cl\/en\/wp-json\/wp\/v2\/pages\/30\/revisions"}],"wp:attachment":[{"href":"https:\/\/senercom.cl\/en\/wp-json\/wp\/v2\/media?parent=30"}],"curies":[{"name":"wp","href":"https:\/\/api.w.org\/{rel}","templated":true}]}}