{"id":565,"date":"2024-03-07T16:32:49","date_gmt":"2024-03-07T19:32:49","guid":{"rendered":"https:\/\/senercom.cl\/?page_id=565"},"modified":"2025-07-18T15:06:42","modified_gmt":"2025-07-18T18:06:42","slug":"nosotros","status":"publish","type":"page","link":"https:\/\/senercom.cl\/en\/nosotros\/","title":{"rendered":""},"content":{"rendered":"<div data-elementor-type=\"wp-page\" data-elementor-id=\"565\" class=\"elementor elementor-565\" data-elementor-post-type=\"page\">\n\t\t\t\t<div class=\"elementor-element elementor-element-3aac4e83 e-flex e-con-boxed e-con e-parent\" data-id=\"3aac4e83\" data-element_type=\"container\" data-e-type=\"container\" data-settings=\"{&quot;background_background&quot;:&quot;classic&quot;}\">\n\t\t\t\t\t<div class=\"e-con-inner\">\n\t\t\t\t<div class=\"elementor-element elementor-element-210cff70 animated-slow elementor-invisible elementor-widget elementor-widget-heading\" data-id=\"210cff70\" data-element_type=\"widget\" data-e-type=\"widget\" data-settings=\"{&quot;_animation&quot;:&quot;slideInUp&quot;}\" data-widget_type=\"heading.default\">\n\t\t\t\t<div class=\"elementor-widget-container\">\n\t\t\t\t\t<h2 class=\"elementor-heading-title elementor-size-default\">Grupo Senercom<\/h2>\t\t\t\t<\/div>\n\t\t\t\t<\/div>\n\t\t\t\t<div class=\"elementor-element elementor-element-700b0e3a animated-slow elementor-invisible elementor-widget elementor-widget-heading\" data-id=\"700b0e3a\" data-element_type=\"widget\" data-e-type=\"widget\" data-settings=\"{&quot;_animation&quot;:&quot;slideInUp&quot;}\" data-widget_type=\"heading.default\">\n\t\t\t\t<div class=\"elementor-widget-container\">\n\t\t\t\t\t<h2 class=\"elementor-heading-title elementor-size-default\">Certificaciones que respaldan nuestra calidad<\/h2>\t\t\t\t<\/div>\n\t\t\t\t<\/div>\n\t\t\t\t\t<\/div>\n\t\t\t\t<\/div>\n\t\t<div class=\"elementor-element elementor-element-c303a09 e-flex e-con-boxed e-con e-parent\" data-id=\"c303a09\" data-element_type=\"container\" data-e-type=\"container\">\n\t\t\t\t\t<div class=\"e-con-inner\">\n\t\t<div class=\"elementor-element elementor-element-7e36983 e-con-full e-flex e-con e-child\" data-id=\"7e36983\" data-element_type=\"container\" data-e-type=\"container\">\n\t\t<div class=\"elementor-element elementor-element-f51e50e e-con-full e-flex e-con e-child\" data-id=\"f51e50e\" data-element_type=\"container\" data-e-type=\"container\">\n\t\t\t\t<div class=\"elementor-element elementor-element-0b470cf elementor-cta--layout-image-above elementor-widget__width-inherit elementor-widget-tablet__width-inherit elementor-cta--skin-classic elementor-animated-content elementor-bg-transform elementor-bg-transform-zoom-in elementor-widget elementor-widget-call-to-action\" data-id=\"0b470cf\" data-element_type=\"widget\" data-e-type=\"widget\" data-widget_type=\"call-to-action.default\">\n\t\t\t\t<div class=\"elementor-widget-container\">\n\t\t\t\t\t\t\t<div class=\"elementor-cta\">\n\t\t\t\t\t<div class=\"elementor-cta__bg-wrapper\">\n\t\t\t\t<div class=\"elementor-cta__bg elementor-bg\" style=\"background-image: url(https:\/\/senercom.cl\/wp-content\/uploads\/2025\/05\/sector1.png);\" role=\"img\" aria-label=\"sector1\"><\/div>\n\t\t\t\t<div class=\"elementor-cta__bg-overlay\"><\/div>\n\t\t\t<\/div>\n\t\t\t\t\t\t\t<div class=\"elementor-cta__content\">\n\t\t\t\t\n\t\t\t\t\t\t\t\t\t<h2 class=\"elementor-cta__title elementor-cta__content-item elementor-content-item\">\n\t\t\t\t\t\tSello PRO - Camara Chilena de la Construcci\u00f3n\t\t\t\t\t<\/h2>\n\t\t\t\t\n\t\t\t\t\t\t\t\t\t<div class=\"elementor-cta__description elementor-cta__content-item elementor-content-item\">\n\t\t\t\t\t\tReconocimiento entregado por la CChC a empresas que cumplen con altos est\u00e1ndares de calidad, seguridad y buenas pr\u00e1cticas laborales en obras de construcci\u00f3n e ingenier\u00eda.\t\t\t\t\t<\/div>\n\t\t\t\t\n\t\t\t\t\t\t\t<\/div>\n\t\t\t\t\t\t<\/div>\n\t\t\t\t\t\t<\/div>\n\t\t\t\t<\/div>\n\t\t\t\t<\/div>\n\t\t\t\t<\/div>\n\t\t<div class=\"elementor-element elementor-element-da65c4c e-con-full e-flex e-con e-child\" data-id=\"da65c4c\" data-element_type=\"container\" data-e-type=\"container\">\n\t\t<div class=\"elementor-element elementor-element-97230dd e-con-full e-flex e-con e-child\" data-id=\"97230dd\" data-element_type=\"container\" data-e-type=\"container\">\n\t\t\t\t<div class=\"elementor-element elementor-element-5541015 elementor-cta--layout-image-above elementor-widget__width-inherit elementor-cta--skin-classic elementor-animated-content elementor-bg-transform elementor-bg-transform-zoom-in elementor-widget elementor-widget-call-to-action\" data-id=\"5541015\" data-element_type=\"widget\" data-e-type=\"widget\" data-widget_type=\"call-to-action.default\">\n\t\t\t\t<div class=\"elementor-widget-container\">\n\t\t\t\t\t\t\t<div class=\"elementor-cta\">\n\t\t\t\t\t<div class=\"elementor-cta__bg-wrapper\">\n\t\t\t\t<div class=\"elementor-cta__bg elementor-bg\" style=\"background-image: url(https:\/\/senercom.cl\/wp-content\/uploads\/2025\/07\/ISO-CODIGO-1024x1021.png);\" role=\"img\" aria-label=\"ISO CODIGO\"><\/div>\n\t\t\t\t<div class=\"elementor-cta__bg-overlay\"><\/div>\n\t\t\t<\/div>\n\t\t\t\t\t\t\t<div class=\"elementor-cta__content\">\n\t\t\t\t\n\t\t\t\t\t\t\t\t\t<h2 class=\"elementor-cta__title elementor-cta__content-item elementor-content-item\">\n\t\t\t\t\t\t T\u00dcV Rheinland \u2013 Certificaci\u00f3n ISO 9001\t\t\t\t\t<\/h2>\n\t\t\t\t\n\t\t\t\t\t\t\t\t\t<div class=\"elementor-cta__description elementor-cta__content-item elementor-content-item\">\n\t\t\t\t\t\tCertificaci\u00f3n internacional que garantiza que la empresa aplica un sistema de gesti\u00f3n de calidad enfocado en la mejora continua, eficiencia de procesos y satisfacci\u00f3n del cliente.\t\t\t\t\t<\/div>\n\t\t\t\t\n\t\t\t\t\t\t\t<\/div>\n\t\t\t\t\t\t<\/div>\n\t\t\t\t\t\t<\/div>\n\t\t\t\t<\/div>\n\t\t\t\t<\/div>\n\t\t\t\t<\/div>\n\t\t\t\t\t<\/div>\n\t\t\t\t<\/div>\n\t\t<div class=\"elementor-element elementor-element-143c5a8 e-con-full e-flex e-con e-parent\" data-id=\"143c5a8\" data-element_type=\"container\" data-e-type=\"container\">\n\t\t<div class=\"elementor-element elementor-element-6c4152e e-con-full e-flex e-con e-child\" data-id=\"6c4152e\" data-element_type=\"container\" data-e-type=\"container\">\n\t\t\t\t<div class=\"elementor-element elementor-element-d42440b elementor-widget elementor-widget-heading\" data-id=\"d42440b\" data-element_type=\"widget\" data-e-type=\"widget\" data-widget_type=\"heading.default\">\n\t\t\t\t<div class=\"elementor-widget-container\">\n\t\t\t\t\t<h2 class=\"elementor-heading-title elementor-size-default\">MISI\u00d3N<\/h2>\t\t\t\t<\/div>\n\t\t\t\t<\/div>\n\t\t\t\t<div class=\"elementor-element elementor-element-a5513a7 elementor-widget elementor-widget-text-editor\" data-id=\"a5513a7\" data-element_type=\"widget\" data-e-type=\"widget\" data-widget_type=\"text-editor.default\">\n\t\t\t\t<div class=\"elementor-widget-container\">\n\t\t\t\t\t\t\t\t\t<h3>We offer cutting-edge electrical engineering solutions, driven by excellence and sustainability, to meet the needs of our clients and create a more efficient and connected world.<\/h3>\t\t\t\t\t\t\t\t<\/div>\n\t\t\t\t<\/div>\n\t\t\t\t<\/div>\n\t\t<div class=\"elementor-element elementor-element-41dda07 e-con-full e-flex e-con e-child\" data-id=\"41dda07\" data-element_type=\"container\" data-e-type=\"container\">\n\t\t\t\t<div class=\"elementor-element elementor-element-d89e158 elementor-widget elementor-widget-image\" data-id=\"d89e158\" data-element_type=\"widget\" data-e-type=\"widget\" data-widget_type=\"image.default\">\n\t\t\t\t<div class=\"elementor-widget-container\">\n\t\t\t\t\t\t\t\t\t\t\t\t\t\t\t<img fetchpriority=\"high\" decoding=\"async\" width=\"800\" height=\"428\" src=\"https:\/\/senercom.cl\/wp-content\/uploads\/2024\/03\/AdobeStock_101272859-scaled-e1709910652971-1024x548.jpeg\" class=\"attachment-large size-large wp-image-593\" alt=\"AdobeStock 101272859\" srcset=\"https:\/\/senercom.cl\/wp-content\/uploads\/2024\/03\/AdobeStock_101272859-scaled-e1709910652971-1024x548.jpeg 1024w, https:\/\/senercom.cl\/wp-content\/uploads\/2024\/03\/AdobeStock_101272859-scaled-e1709910652971-300x160.jpeg 300w, https:\/\/senercom.cl\/wp-content\/uploads\/2024\/03\/AdobeStock_101272859-scaled-e1709910652971-768x411.jpeg 768w, https:\/\/senercom.cl\/wp-content\/uploads\/2024\/03\/AdobeStock_101272859-scaled-e1709910652971-1536x821.jpeg 1536w, https:\/\/senercom.cl\/wp-content\/uploads\/2024\/03\/AdobeStock_101272859-scaled-e1709910652971-2048x1095.jpeg 2048w, https:\/\/senercom.cl\/wp-content\/uploads\/2024\/03\/AdobeStock_101272859-scaled-e1709910652971-18x10.jpeg 18w\" sizes=\"(max-width: 800px) 100vw, 800px\" \/>\t\t\t\t\t\t\t\t\t\t\t\t\t\t\t<\/div>\n\t\t\t\t<\/div>\n\t\t\t\t<\/div>\n\t\t\t\t<\/div>\n\t\t<div class=\"elementor-element elementor-element-db6a010 e-con-full e-flex e-con e-parent\" data-id=\"db6a010\" data-element_type=\"container\" data-e-type=\"container\">\n\t\t<div class=\"elementor-element elementor-element-ba8659f e-con-full e-flex e-con e-child\" data-id=\"ba8659f\" data-element_type=\"container\" data-e-type=\"container\">\n\t\t\t\t<div class=\"elementor-element elementor-element-bbc2bbf elementor-widget elementor-widget-image\" data-id=\"bbc2bbf\" data-element_type=\"widget\" data-e-type=\"widget\" data-widget_type=\"image.default\">\n\t\t\t\t<div class=\"elementor-widget-container\">\n\t\t\t\t\t\t\t\t\t\t\t\t\t\t\t<img decoding=\"async\" width=\"800\" height=\"430\" src=\"https:\/\/senercom.cl\/wp-content\/uploads\/2024\/03\/20170613_153743-scaled-e1709839983799-1024x551.jpg\" class=\"attachment-large size-large wp-image-530\" alt=\"20170613 153743\" srcset=\"https:\/\/senercom.cl\/wp-content\/uploads\/2024\/03\/20170613_153743-scaled-e1709839983799-1024x551.jpg 1024w, https:\/\/senercom.cl\/wp-content\/uploads\/2024\/03\/20170613_153743-scaled-e1709839983799-300x161.jpg 300w, https:\/\/senercom.cl\/wp-content\/uploads\/2024\/03\/20170613_153743-scaled-e1709839983799-768x413.jpg 768w, https:\/\/senercom.cl\/wp-content\/uploads\/2024\/03\/20170613_153743-scaled-e1709839983799-1536x827.jpg 1536w, https:\/\/senercom.cl\/wp-content\/uploads\/2024\/03\/20170613_153743-scaled-e1709839983799-2048x1102.jpg 2048w, https:\/\/senercom.cl\/wp-content\/uploads\/2024\/03\/20170613_153743-scaled-e1709839983799-18x10.jpg 18w\" sizes=\"(max-width: 800px) 100vw, 800px\" \/>\t\t\t\t\t\t\t\t\t\t\t\t\t\t\t<\/div>\n\t\t\t\t<\/div>\n\t\t\t\t<\/div>\n\t\t<div class=\"elementor-element elementor-element-bd1437b e-con-full e-flex e-con e-child\" data-id=\"bd1437b\" data-element_type=\"container\" data-e-type=\"container\">\n\t\t\t\t<div class=\"elementor-element elementor-element-9793c3f elementor-widget elementor-widget-heading\" data-id=\"9793c3f\" data-element_type=\"widget\" data-e-type=\"widget\" data-widget_type=\"heading.default\">\n\t\t\t\t<div class=\"elementor-widget-container\">\n\t\t\t\t\t<h2 class=\"elementor-heading-title elementor-size-default\">VISI\u00d3N<\/h2>\t\t\t\t<\/div>\n\t\t\t\t<\/div>\n\t\t\t\t<div class=\"elementor-element elementor-element-5e87ae7 elementor-widget elementor-widget-text-editor\" data-id=\"5e87ae7\" data-element_type=\"widget\" data-e-type=\"widget\" data-widget_type=\"text-editor.default\">\n\t\t\t\t<div class=\"elementor-widget-container\">\n\t\t\t\t\t\t\t\t\t<h3>To be leaders in electrical engineering, driving innovation and sustainability in every project, strengthening and developing new competencies to propel the future of energy and technology in our region and throughout the country.<\/h3>\t\t\t\t\t\t\t\t<\/div>\n\t\t\t\t<\/div>\n\t\t\t\t<\/div>\n\t\t\t\t<\/div>\n\t\t<div class=\"elementor-element elementor-element-b0cca47 e-con-full e-flex e-con e-parent\" data-id=\"b0cca47\" data-element_type=\"container\" data-e-type=\"container\">\n\t\t<div class=\"elementor-element elementor-element-bccdf69 e-con-full e-flex e-con e-child\" data-id=\"bccdf69\" data-element_type=\"container\" data-e-type=\"container\">\n\t\t\t\t<div class=\"elementor-element elementor-element-68bca6c elementor-widget elementor-widget-heading\" data-id=\"68bca6c\" data-element_type=\"widget\" data-e-type=\"widget\" data-widget_type=\"heading.default\">\n\t\t\t\t<div class=\"elementor-widget-container\">\n\t\t\t\t\t<h2 class=\"elementor-heading-title elementor-size-default\">PROP\u00d3SITO<\/h2>\t\t\t\t<\/div>\n\t\t\t\t<\/div>\n\t\t\t\t<div class=\"elementor-element elementor-element-02d271a elementor-widget elementor-widget-text-editor\" data-id=\"02d271a\" data-element_type=\"widget\" data-e-type=\"widget\" data-widget_type=\"text-editor.default\">\n\t\t\t\t<div class=\"elementor-widget-container\">\n\t\t\t\t\t\t\t\t\t<h3>Our purpose at Senercom is to be leaders in electrical engineering, transforming the way energy and technology are used and perceived. We are committed to providing innovative and sustainable solutions that enhance efficiency and quality of life, driving a brighter future for all.<\/h3>\t\t\t\t\t\t\t\t<\/div>\n\t\t\t\t<\/div>\n\t\t\t\t<\/div>\n\t\t<div class=\"elementor-element elementor-element-cae7014 e-con-full e-flex e-con e-child\" data-id=\"cae7014\" data-element_type=\"container\" data-e-type=\"container\">\n\t\t\t\t<div class=\"elementor-element elementor-element-57c36d3 elementor-widget elementor-widget-image\" data-id=\"57c36d3\" data-element_type=\"widget\" data-e-type=\"widget\" data-widget_type=\"image.default\">\n\t\t\t\t<div class=\"elementor-widget-container\">\n\t\t\t\t\t\t\t\t\t\t\t\t\t\t\t<img decoding=\"async\" width=\"800\" height=\"430\" src=\"https:\/\/senercom.cl\/wp-content\/uploads\/2024\/03\/Editada-1024x551.jpg\" class=\"attachment-large size-large wp-image-582\" alt=\"Editada\" srcset=\"https:\/\/senercom.cl\/wp-content\/uploads\/2024\/03\/Editada-1024x551.jpg 1024w, https:\/\/senercom.cl\/wp-content\/uploads\/2024\/03\/Editada-300x161.jpg 300w, https:\/\/senercom.cl\/wp-content\/uploads\/2024\/03\/Editada-768x413.jpg 768w, https:\/\/senercom.cl\/wp-content\/uploads\/2024\/03\/Editada-1536x827.jpg 1536w, https:\/\/senercom.cl\/wp-content\/uploads\/2024\/03\/Editada-2048x1102.jpg 2048w, https:\/\/senercom.cl\/wp-content\/uploads\/2024\/03\/Editada-18x10.jpg 18w\" sizes=\"(max-width: 800px) 100vw, 800px\" \/>\t\t\t\t\t\t\t\t\t\t\t\t\t\t\t<\/div>\n\t\t\t\t<\/div>\n\t\t\t\t<\/div>\n\t\t\t\t<\/div>\n\t\t<div class=\"elementor-element elementor-element-820c8e5 e-flex e-con-boxed e-con e-parent\" data-id=\"820c8e5\" data-element_type=\"container\" data-e-type=\"container\">\n\t\t\t\t\t<div class=\"e-con-inner\">\n\t\t<div class=\"elementor-element elementor-element-66a3817 e-con-full e-flex e-con e-child\" data-id=\"66a3817\" data-element_type=\"container\" data-e-type=\"container\" data-settings=\"{&quot;background_background&quot;:&quot;classic&quot;}\">\n\t\t\t\t<div class=\"elementor-element elementor-element-99f2b74 elementor-widget elementor-widget-heading\" data-id=\"99f2b74\" data-element_type=\"widget\" data-e-type=\"widget\" data-widget_type=\"heading.default\">\n\t\t\t\t<div class=\"elementor-widget-container\">\n\t\t\t\t\t<h2 class=\"elementor-heading-title elementor-size-default\">Quality Policy<\/h2>\t\t\t\t<\/div>\n\t\t\t\t<\/div>\n\t\t\t\t<div class=\"elementor-element elementor-element-d15fba5 elementor-widget elementor-widget-heading\" data-id=\"d15fba5\" data-element_type=\"widget\" data-e-type=\"widget\" data-widget_type=\"heading.default\">\n\t\t\t\t<div class=\"elementor-widget-container\">\n\t\t\t\t\t<h3 class=\"elementor-heading-title elementor-size-default\">DOC-SGC-002 \/ 16-05-2023<\/h3>\t\t\t\t<\/div>\n\t\t\t\t<\/div>\n\t\t\t\t<div class=\"elementor-element elementor-element-f774357 elementor-testimonial--layout-image_left elementor-testimonial--align-left elementor-testimonial--skin-default elementor-arrows-yes elementor-widget elementor-widget-testimonial-carousel\" data-id=\"f774357\" data-element_type=\"widget\" data-e-type=\"widget\" data-settings=\"{&quot;slides_per_view&quot;:&quot;1&quot;,&quot;slides_to_scroll&quot;:&quot;1&quot;,&quot;space_between&quot;:{&quot;unit&quot;:&quot;px&quot;,&quot;size&quot;:&quot;25&quot;,&quot;sizes&quot;:[]},&quot;show_arrows&quot;:&quot;yes&quot;,&quot;speed&quot;:500,&quot;autoplay&quot;:&quot;yes&quot;,&quot;autoplay_speed&quot;:5000,&quot;loop&quot;:&quot;yes&quot;,&quot;pause_on_hover&quot;:&quot;yes&quot;,&quot;pause_on_interaction&quot;:&quot;yes&quot;,&quot;space_between_tablet&quot;:{&quot;unit&quot;:&quot;px&quot;,&quot;size&quot;:10,&quot;sizes&quot;:[]},&quot;space_between_mobile&quot;:{&quot;unit&quot;:&quot;px&quot;,&quot;size&quot;:10,&quot;sizes&quot;:[]}}\" data-widget_type=\"testimonial-carousel.default\">\n\t\t\t\t<div class=\"elementor-widget-container\">\n\t\t\t\t\t\t\t\t\t<div class=\"elementor-swiper\">\n\t\t\t\t\t<div class=\"elementor-main-swiper swiper\" role=\"region\" aria-roledescription=\"carousel\" aria-label=\"Slides\">\n\t\t\t\t<div class=\"swiper-wrapper\">\n\t\t\t\t\t\t\t\t\t\t\t<div class=\"swiper-slide\" role=\"group\" aria-roledescription=\"slide\">\n\t\t\t\t\t\t\t\t\t<div class=\"elementor-testimonial\">\n\t\t\t\t\t\t\t<div class=\"elementor-testimonial__content\">\n\t\t\t\t\t<div class=\"elementor-testimonial__text\">\n\t\t\t\t\t\tAt Senercom our objective is to be the leading company in the electrical sector, recognized for\nour quality, professionalism and commitment to the client, both in our region and in the\nnational market, generating positive impacts on society and the environment.\nTo achieve this objective we are committed to complying with the technical, legal,\nour clients, interested parties and the Quality Management System based on the ISO standard\n9001.2015, permanently focusing on the continuous improvement of all our processes.\nWe ensure that our services are carried out with correct planning and execution of the\nprocesses, accompanied by a high degree of professionalism and commitment. We commit to\nmaintain a group of experts in constant training in order to deliver the latest solutions\nexisting in the market, which allows us to adapt to the client's requirements and the\npermanent evolution of regulations and technologies.\n\n\n\t\t\t\t\t<\/div>\n\t\t\t\t\t<cite class=\"elementor-testimonial__cite\"><span class=\"elementor-testimonial__name\">Carlos Braun Elgart<\/span><span class=\"elementor-testimonial__title\">Gerente General<\/span><\/cite>\t\t\t\t<\/div>\n\t\t\t\t\t\t<div class=\"elementor-testimonial__footer\">\n\t\t\t\t\t\t\t\t\t\t\t<\/div>\n\t\t<\/div>\n\t\t\t\t\t\t\t\t<\/div>\n\t\t\t\t\t\t\t\t\t<\/div>\n\t\t\t\t\t\t\t<\/div>\n\t\t\t\t<\/div>\n\t\t\t\t\t\t\t\t<\/div>\n\t\t\t\t<\/div>\n\t\t\t\t<\/div>\n\t\t\t\t\t<\/div>\n\t\t\t\t<\/div>\n\t\t\t\t<\/div>","protected":false},"excerpt":{"rendered":"<p>Grupo Senercom Certificaciones que respaldan nuestra calidad Sello PRO &#8211; Camara Chilena de la Construcci\u00f3n Reconocimiento entregado por la CChC a empresas que cumplen con altos est\u00e1ndares de calidad, seguridad y buenas pr\u00e1cticas laborales en obras de construcci\u00f3n e ingenier\u00eda. T\u00dcV Rheinland \u2013 Certificaci\u00f3n ISO 9001 Certificaci\u00f3n internacional que garantiza que la empresa aplica un [&hellip;]<\/p>\n","protected":false},"author":1,"featured_media":0,"parent":0,"menu_order":0,"comment_status":"closed","ping_status":"closed","template":"","meta":{"footnotes":""},"class_list":["post-565","page","type-page","status-publish","hentry"],"_links":{"self":[{"href":"https:\/\/senercom.cl\/en\/wp-json\/wp\/v2\/pages\/565","targetHints":{"allow":["GET"]}}],"collection":[{"href":"https:\/\/senercom.cl\/en\/wp-json\/wp\/v2\/pages"}],"about":[{"href":"https:\/\/senercom.cl\/en\/wp-json\/wp\/v2\/types\/page"}],"author":[{"embeddable":true,"href":"https:\/\/senercom.cl\/en\/wp-json\/wp\/v2\/users\/1"}],"replies":[{"embeddable":true,"href":"https:\/\/senercom.cl\/en\/wp-json\/wp\/v2\/comments?post=565"}],"version-history":[{"count":0,"href":"https:\/\/senercom.cl\/en\/wp-json\/wp\/v2\/pages\/565\/revisions"}],"wp:attachment":[{"href":"https:\/\/senercom.cl\/en\/wp-json\/wp\/v2\/media?parent=565"}],"curies":[{"name":"wp","href":"https:\/\/api.w.org\/{rel}","templated":true}]}}